{"id":284,"date":"2022-01-26T12:07:03","date_gmt":"2022-01-26T11:07:03","guid":{"rendered":"https:\/\/www.vetgenomics.com\/?page_id=284"},"modified":"2024-01-19T12:04:35","modified_gmt":"2024-01-19T11:04:35","slug":"aviso-legal","status":"publish","type":"page","link":"https:\/\/www.vetgenomics.com\/es\/aviso-legal\/","title":{"rendered":"Aviso legal"},"content":{"rendered":"<section data-block_d297dd467f9ed9a71cba1347fcdff71f class=\"legal-text alignleft section-legal-text \">\n    <div class=\"container\">\n        <div class=\"text\"><h2><b>DATOS DE IDENTIFICACI\u00d3N<\/b><\/h2>\n<p>Usted est\u00e1 visitando el sitio web bajo el dominio vetgenomics.com titularidad de <b>VETGENOMICS, S.L.\u00a0<\/b><\/p>\n<ul>\n<li aria-level=\"1\">Raz\u00f3n Social: <b>VETGENOMICS, S.L.\u00a0<\/b><\/li>\n<\/ul>\n<p>&nbsp;<\/p>\n<ul>\n<li aria-level=\"1\">Domicilio Social: Edifici Eureka, Parc de Recerca UAB 08193 Bellaterra &#8211; Cerdanyola, Barcelona<\/li>\n<li aria-level=\"1\">NIF: B65461857<\/li>\n<li aria-level=\"1\">Tel\u00e9fono: +34 663 882 486<\/li>\n<li aria-level=\"1\">Correo electr\u00f3nico: info@vetgenomics.com<\/li>\n<li aria-level=\"1\">Datos mercantiles: Sociedad limitada inscrita Registro Mercantil de Barcelona, tomo 42274, folio 116, hoja numero 406372, inscripci\u00f3n 27\/12\/2010<\/li>\n<\/ul>\n<h2><b>ACEPTACI\u00d3N DEL USUARIO<\/b><\/h2>\n<p>Este Aviso Legal regula el acceso y utilizaci\u00f3n del sitio web bajo el dominio vetgenomics.com (en adelante el \u00abSitio Web\u00bb) que Vetgenomics pone a disposici\u00f3n de los usuarios de Internet. Se entiende por usuario la persona que acceda, navegue, utilice o participe en los servicios y actividades de este sitio web.<\/p>\n<p>Este sitio web cumple con lo establecido en la Llei 34\/2002, de 11 de julio, de Serveis de la Societat de la Informaci\u00f3n y de Comer\u00e7 Electr\u00f2nic y con la legislaci\u00f3n vigente en materia de protecci\u00f3n de datos personales.<\/p>\n<p>Vetgenomics podr\u00e1 alterar en cualquier momento y sin previo aviso, el dise\u00f1o, presentaci\u00f3n y \/ o configuraci\u00f3n del sitio web, as\u00ed como algunos o todos los servicios, y a\u00f1adir servicios nuevos.<\/p>\n<p>La utilizaci\u00f3n de este sitio web implica la plena aceptaci\u00f3n de las disposiciones incluidas en este Aviso Legal y Condiciones Generales de Uso en la versi\u00f3n publicada por Vetgenomics en el momento en que el Usuario acceda al Sitio Web.<\/p>\n<p>La utilizaci\u00f3n de ciertos servicios ofrecidos a los Usuarios a trav\u00e9s del Sitio Web puede encontrarse sometida a condiciones particulares propias que, seg\u00fan los casos sustituyen, completan y\/o modifican las presentes Condiciones Generales de Uso. Por lo tanto, con anterioridad a la utilizaci\u00f3n de estos servicios, el Usuario tambi\u00e9n debe leer atentamente y aceptar las correspondientes condiciones particulares propias.<\/p>\n<h2><b>CONDICIONES GENERALES DE USO<\/b><\/h2>\n<p>El acceso a la p\u00e1gina web por parte de los usuarios tiene car\u00e1cter libre y gratuito, quedando expresamente prohibido cualquier uso distinto a la finalidad de este Sitio Web.<\/p>\n<p>El usuario se compromete a hacer un uso diligente del mismo y de los servicios accesibles desde este sitio web, as\u00ed como mantener el debido respeto a los dem\u00e1s usuarios.<\/p>\n<p>Entre otros, este compromiso implica que:<\/p>\n<ul>\n<li aria-level=\"1\">El usuario se compromete a utilizar el sitio web, los contenidos y servicios con total sujeci\u00f3n a la Ley, a las buenas costumbres y las presentes condiciones de uso y, en su caso, las condiciones particulares,<\/li>\n<li>Del mismo modo el Usuario se obliga a no utilizar el sitio web o los servicios que se presten a trav\u00e9s de \u00e9l con fines o efectos il\u00edcitos o contrarios al contenido del presente Aviso Legal, lesivos de los intereses o derechos de terceros, o que de cualquier forma pueda perjudicar, inutilizar o deteriorar el sitio web o sus servicios o impedir un normal disfrute del sitio web por otros Usuarios.<\/li>\n<li aria-level=\"1\">El usuario se compromete expresamente a no destruir, alterar, inutilizar o, de cualquier otra forma, perjudicar los datos, programas o documentos electr\u00f3nicos y otros que se encuentren en el sitio web.<\/li>\n<li aria-level=\"1\">El usuario se compromete a no obstaculizar el acceso de otros usuarios al servicio de acceso mediante el consumo masivo de los recursos inform\u00e1ticos a trav\u00e9s de los cuales Vetgenomics presta el servicio, as\u00ed como realizar acciones que perjudiquen, interrumpan o generen errores en estos sistemas o servicios.<\/li>\n<li aria-level=\"1\">El usuario se compromete a no introducir programas, virus, macros, applets, controles ActiveX o cualquier otro dispositivo l\u00f3gico o secuencia de caracteres que causen o sean susceptibles de causar cualquier tipo de alteraci\u00f3n en los sistemas inform\u00e1ticos de Vetgenomics o de terceros.<\/li>\n<li aria-level=\"1\">El usuario se compromete a no obtener informaciones, mensajes, gr\u00e1ficos, dibujos, archivos de sonido y\/o imagen, fotograf\u00edas, grabaciones, software y en general, cualquier clase de material accesible a trav\u00e9s del sitio web o de los servicios ofrecidos en el mismo.<\/li>\n<li aria-level=\"1\">El usuario se compromete a hacer un uso adecuado de los contenidos y servicios (como los comentarios, foros de opini\u00f3n o p\u00e1ginas abiertas al lector) que Vetgenomics ofrece en su sitio web y a no emplearlos para incurrir en actividades il\u00edcitas o contrarias a la buena fe y al ordenamiento legal; difundir contenidos o propaganda de car\u00e1cter racista,\u00a0 xen\u00f3fobo, pornogr\u00e1fico-ilegal, de apolog\u00eda del terrorismo o que atente contra los derechos humanos.<\/li>\n<li aria-level=\"1\">De conformidad con la pol\u00edtica anti-spam de Vetgenomics el usuario se obliga a abstener de utilizar y recabar datos a partir de listas de distribuci\u00f3n a las que se pueda acceder a trav\u00e9s de las informaciones y servicios incluidos en el sitio web para la realizaci\u00f3n de actividades con fines promocionales o publicitarios, as\u00ed como de remitir comunicaciones comerciales de cualquier clase y a trav\u00e9s de cualquier soporte no solicitados ni previamente consentidos por Vetgenomics\u00a0 y\/o los interesados.<\/li>\n<\/ul>\n<p>El usuario que incumpla intencional o culpablemente cualquiera de las precedentes obligaciones y compromisos deber\u00e1 responder por todos los da\u00f1os y perjuicios que cause.<\/p>\n<h2><b>LIMITACI\u00d3N DE GARANT\u00cdAS Y RESPONSABILIDADES<\/b><\/h2>\n<p>Vetgenomics se compromete a realizar sus mejores esfuerzos para evitar cualquier error en los contenidos que pudieran aparecer en el sitio web. En cualquier caso, Vetgenomics estar\u00e1 exenta de cualquier responsabilidad por los da\u00f1os y perjuicios de toda naturaleza que puedan deberse a la falta de exactitud, exhaustividad, actualidad, as\u00ed como a errores u omisiones de los que pudieran existir en las informaciones y servicios contenidos de este Sitio Web u otros contenidos a los que se pueda acceder a trav\u00e9s del mismo,\u00a0 ni asume ning\u00fan deber o compromiso de verificar ni de vigilar sus contenidos e informaciones.<\/p>\n<p>Asimismo, Vetgenomics no garantiza la disponibilidad, continuidad ni la infalebilidad del funcionamiento del Sitio Web, y en consecuencia excluye, en la m\u00e1xima medida permitida por la legislaci\u00f3n vigente, cualquier responsabilidad por los da\u00f1os y perjuicios de toda naturaleza que puedan deberse a la falta de disponibilidad o de continuidad del funcionamiento del sitio web y de los servicios habilitados en el mismo,\u00a0 as\u00ed como a los errores en el acceso a las diferentes p\u00e1ginas web o a aquellas desde las que, en su caso, se presten estos servicios.<\/p>\n<p>Vetgenomics tampoco garantiza que el sitio web y el servidor est\u00e9n libres de virus y no se hace responsable de los posibles da\u00f1os o perjuicios que se puedan derivar de interferencias, omisiones, interrupciones, virus inform\u00e1ticos, aver\u00edas telef\u00f3nicas o desconexiones en el funcionamiento operativo de este sistema electr\u00f3nico, motivado por causas ajenas a Vetgenomics , de retrasos o bloqueos en el uso de este sistema electr\u00f3nico causados por deficiencias de l\u00edneas telef\u00f3nicas o sobrecargas en el sistema de Internet o en otros sistemas electr\u00f3nicos, as\u00ed como tambi\u00e9n de da\u00f1os que puedan ser causados por terceras personas mediante intromisiones ilegales fuera del control de Vetgenomics.<\/p>\n<p>Vetgenomics excluye cualquier responsabilidad por los da\u00f1os y perjuicios de toda \u00edndole que puedan deber a los servicios prestados por terceros a trav\u00e9s de este Sitio Web as\u00ed como a los medios que \u00e9stos habilitan para gestionar las solicitudes de servicio, y concretamente, de manera enunciativa y no limitativo: por los actos de competencia desleal y publicidad il\u00edcita como consecuencia de la prestaci\u00f3n de servicios por terceros a trav\u00e9s del sitio web,\u00a0 as\u00ed como a la falta de veracidad, exactitud, exhaustividad, vicios, defectos, pertinencia y\/o actualidad los contenidos transmitidos, difundidos, almacenados, recibidos, obtenidos, puestos a disposici\u00f3n o accesibles mediante los servicios prestados por terceros a trav\u00e9s de este sitio web.<\/p>\n<h2><b>PROPIEDAD INTEL\u00b7 LECTUAL E INDUSTRIAL.<\/b><\/h2>\n<p>Todos los derechos de propiedad industrial e intelectual de este sitio web y de sus contenidos (textos, im\u00e1genes, sonidos, audio, v\u00eddeo, dise\u00f1os, creatividades, software) pertenecen, como autor de obra colectiva o como cesionaria, a Vetgenomics o, en su caso, a terceras personas.<\/p>\n<p>Quedan expresamente prohibidas la reproducci\u00f3n, la distribuci\u00f3n y la comunicaci\u00f3n p\u00fablica, incluida su modalidad de puesta a disposici\u00f3n, de la totalidad o parte de los contenidos de esta p\u00e1gina web, con cualquier fin, en cualquier soporte y por cualquier medio t\u00e9cnico, sin la autorizaci\u00f3n de Vetgenomics.<\/p>\n<p>El usuario se compromete a respetar los derechos de propiedad industrial e intelectual titularidad de Vetgenomics y de terceros.<\/p>\n<p>El usuario puede visualizar todos los elementos, imprimirlos, copiarlos y almacenarlos en el disco duro de su ordenador o en cualquier otro soporte f\u00edsico siempre que sea, \u00fanica y exclusivamente, para su uso personal y privado, quedando, por tanto, terminantemente prohibida su utilizaci\u00f3n con otros fines, su distribuci\u00f3n, as\u00ed como su modificaci\u00f3n, alteraci\u00f3n o descompilaci\u00f3n.<\/p>\n<h2><b>ENLACES DE TERCEROS<\/b><\/h2>\n<p>En el supuesto de que en el sitio web se dispusieran enlaces o hiperv\u00ednculos hacia otros sitios de Internet, Vetgenomics no ejercer\u00e1 ning\u00fan tipo de control sobre estos sitios y contenidos.<\/p>\n<p>En ning\u00fan caso Vetgenomics asumir\u00e1 responsabilidad alguna por los contenidos de alg\u00fan enlace perteneciente a un sitio web ajeno, ni garantizar\u00e1 la disponibilidad t\u00e9cnica, calidad, fiabilidad, exactitud, amplitud, veracidad ni validez de cualquier material o informaci\u00f3n contenida en ninguno de los hiperv\u00ednculos u otros sitios de Internet.<\/p>\n<p>Estos enlaces se proporcionan \u00fanicamente para informar al usuario sobre la existencia de otras fuentes de informaci\u00f3n sobre un tema concreto, y la inclusi\u00f3n de un enlace no implica la aprobaci\u00f3n de la p\u00e1gina web enlazada por parte de Vetgenomics.<\/p>\n<p>Vejenomics tan s\u00f3lo autoriza menciones a sus contenidos en otras sedes web, con el tratamiento que \u00e9stas consideren siempre que sea respetuoso, cumpla la legislaci\u00f3n vigente y en ning\u00fan caso reproduzcan, sin la debida autorizaci\u00f3n, los contenidos de Vetgenomics.<\/p>\n<h2><b>PROTECCI\u00d3N DE DATOS PERSONALES<\/b><\/h2>\n<p>Vetgenomics adopta las medidas t\u00e9cnicas y organizativas necesarias para garantizar la protecci\u00f3n de los datos de car\u00e1cter personal y evitar su alteraci\u00f3n, p\u00e9rdida, tratamiento y\/o acceso no autorizado, dado el estado actual de la tecnolog\u00eda, la naturaleza de los datos almacenados y los riesgos a que est\u00e1n expuestos. Todo ello, de acuerdo con lo establecido en la legislaci\u00f3n vigente en materia de protecci\u00f3n de datos de car\u00e1cter personal.<\/p>\n<p>El usuario podr\u00e1 proporcionar a Vetgenomics sus datos de car\u00e1cter personal a trav\u00e9s de los diferentes formularios que a tal efecto aparecen en el sitio web. Estos formularios incorporan un enlace a la <span style=\"color: #0000ff;\"><a style=\"color: #0000ff;\" href=\"https:\/\/www.vetgenomics.com\/es\/politica-de-privacidad\/\">pol\u00edtica de privacidad<\/a><\/span>.<\/p>\n<p>Del mismo modo, Vetgenomics podr\u00e1 obtener datos de car\u00e1cter personal originados por su navegaci\u00f3n y\/o uso de este sitio web, de acuerdo con nuestra pol\u00edtica de privacidad.<\/p>\n<p>Rogamos lea atentamente nuestra <span style=\"color: #0000ff;\"><a style=\"color: #0000ff;\" href=\"https:\/\/www.vetgenomics.com\/es\/politica-de-privacidad\/\">pol\u00edtica de privacidad<\/a><\/span> antes de facilitar sus datos de car\u00e1cter personal.<\/p>\n<h2><b>USO DE COOKIES<\/b><\/h2>\n<p>Este sitio web, al igual que la mayor\u00eda de los sitios web en Internet, utiliza cookies para mejorar la experiencia del usuario. En nuestra <span style=\"color: #0000ff;\"><a style=\"color: #0000ff;\" href=\"https:\/\/www.vetgenomics.com\/es\/politica-de-cookies-galletas\/\">pol\u00edtica de cookies<\/a><\/span>\u00a0encontrar\u00e9is informaci\u00f3n sobre qu\u00e9 son las cookies, qu\u00e9 tipo de cookies utiliza este sitio web, c\u00f3mo puede desactivar las cookies en su navegador y c\u00f3mo desactivar espec\u00edficamente la instalaci\u00f3n de cookies de terceros.<\/p>\n<p>Rogamos lea atentamente nuestra <a href=\"https:\/\/www.vetgenomics.com\/es\/politica-de-cookies-galletas\/\"><span style=\"color: #0000ff;\">pol\u00edtica de cookie<\/span>s<\/a><b> <\/b>antes de seguir navegando en nuestro sitio web.<\/p>\n<h2><b>MODIFICACI\u00d3N DE LAS CONDICIONES DEL AVISO LEGAL<\/b><\/h2>\n<p>Vetgenomics se reserva expresamente el derecho a modificar el presente aviso legal sin notificaci\u00f3n previa. En consecuencia, el Usuario debe leer atentamente el presente Aviso Legal en cada una de las ocasiones en que se proceda a utilizar el sitio web, ya que este Aviso Legal puede sufrir modificaciones.<\/p>\n<p>El usuario reconoce y acepta que es su responsabilidad revisar el sitio web y el presente Aviso Legal.<\/p>\n<h2><b>LEY Y JURISDICCI\u00d3N<\/b><\/h2>\n<p>Todas las cuestiones que se susciten entre Vetgenomics y el usuario relativas a la interpretaci\u00f3n, cumplimiento y validez del presente Aviso Legal se regir\u00e1n por sus propias cl\u00e1usulas y, en lo que en ellas no estuviera previsto, de acuerdo con la legislaci\u00f3n espa\u00f1ola, someti\u00e9ndose expresamente las partes a la jurisdicci\u00f3n de los juzgados y tribunales del domicilio de Vetgenomics.<\/p>\n<\/div>\n    <\/div>\n<\/section>\n","protected":false},"excerpt":{"rendered":"","protected":false},"author":1,"featured_media":0,"parent":0,"menu_order":0,"comment_status":"closed","ping_status":"closed","template":"","meta":{"_acf_changed":false,"footnotes":""},"acf":[],"yoast_head":"<!-- This site is optimized with the Yoast SEO plugin v22.6 - https:\/\/yoast.com\/wordpress\/plugins\/seo\/ -->\n<title>Aviso legal - Vetgenomics<\/title>\n<meta name=\"robots\" content=\"index, follow, max-snippet:-1, max-image-preview:large, max-video-preview:-1\" \/>\n<link rel=\"canonical\" href=\"https:\/\/www.vetgenomics.com\/es\/aviso-legal\/\" \/>\n<meta property=\"og:locale\" content=\"es_ES\" \/>\n<meta property=\"og:type\" content=\"article\" \/>\n<meta property=\"og:title\" content=\"Aviso legal - Vetgenomics\" \/>\n<meta property=\"og:url\" content=\"https:\/\/www.vetgenomics.com\/es\/aviso-legal\/\" \/>\n<meta property=\"og:site_name\" content=\"Vetgenomics\" \/>\n<meta property=\"article:modified_time\" content=\"2024-01-19T11:04:35+00:00\" \/>\n<meta name=\"twitter:card\" content=\"summary_large_image\" \/>\n<script type=\"application\/ld+json\" class=\"yoast-schema-graph\">{\"@context\":\"https:\/\/schema.org\",\"@graph\":[{\"@type\":\"WebPage\",\"@id\":\"https:\/\/www.vetgenomics.com\/es\/aviso-legal\/\",\"url\":\"https:\/\/www.vetgenomics.com\/es\/aviso-legal\/\",\"name\":\"Aviso legal - Vetgenomics\",\"isPartOf\":{\"@id\":\"https:\/\/www.vetgenomics.com\/es\/#website\"},\"datePublished\":\"2022-01-26T11:07:03+00:00\",\"dateModified\":\"2024-01-19T11:04:35+00:00\",\"breadcrumb\":{\"@id\":\"https:\/\/www.vetgenomics.com\/es\/aviso-legal\/#breadcrumb\"},\"inLanguage\":\"es\",\"potentialAction\":[{\"@type\":\"ReadAction\",\"target\":[\"https:\/\/www.vetgenomics.com\/es\/aviso-legal\/\"]}]},{\"@type\":\"BreadcrumbList\",\"@id\":\"https:\/\/www.vetgenomics.com\/es\/aviso-legal\/#breadcrumb\",\"itemListElement\":[{\"@type\":\"ListItem\",\"position\":1,\"name\":\"Portada\",\"item\":\"https:\/\/www.vetgenomics.com\/es\/\"},{\"@type\":\"ListItem\",\"position\":2,\"name\":\"Aviso legal\"}]},{\"@type\":\"WebSite\",\"@id\":\"https:\/\/www.vetgenomics.com\/es\/#website\",\"url\":\"https:\/\/www.vetgenomics.com\/es\/\",\"name\":\"Vetgenomics\",\"description\":\"\",\"potentialAction\":[{\"@type\":\"SearchAction\",\"target\":{\"@type\":\"EntryPoint\",\"urlTemplate\":\"https:\/\/www.vetgenomics.com\/es\/?s={search_term_string}\"},\"query-input\":\"required name=search_term_string\"}],\"inLanguage\":\"es\"}]}<\/script>\n<!-- \/ Yoast SEO plugin. -->","yoast_head_json":{"title":"Aviso legal - Vetgenomics","robots":{"index":"index","follow":"follow","max-snippet":"max-snippet:-1","max-image-preview":"max-image-preview:large","max-video-preview":"max-video-preview:-1"},"canonical":"https:\/\/www.vetgenomics.com\/es\/aviso-legal\/","og_locale":"es_ES","og_type":"article","og_title":"Aviso legal - Vetgenomics","og_url":"https:\/\/www.vetgenomics.com\/es\/aviso-legal\/","og_site_name":"Vetgenomics","article_modified_time":"2024-01-19T11:04:35+00:00","twitter_card":"summary_large_image","schema":{"@context":"https:\/\/schema.org","@graph":[{"@type":"WebPage","@id":"https:\/\/www.vetgenomics.com\/es\/aviso-legal\/","url":"https:\/\/www.vetgenomics.com\/es\/aviso-legal\/","name":"Aviso legal - Vetgenomics","isPartOf":{"@id":"https:\/\/www.vetgenomics.com\/es\/#website"},"datePublished":"2022-01-26T11:07:03+00:00","dateModified":"2024-01-19T11:04:35+00:00","breadcrumb":{"@id":"https:\/\/www.vetgenomics.com\/es\/aviso-legal\/#breadcrumb"},"inLanguage":"es","potentialAction":[{"@type":"ReadAction","target":["https:\/\/www.vetgenomics.com\/es\/aviso-legal\/"]}]},{"@type":"BreadcrumbList","@id":"https:\/\/www.vetgenomics.com\/es\/aviso-legal\/#breadcrumb","itemListElement":[{"@type":"ListItem","position":1,"name":"Portada","item":"https:\/\/www.vetgenomics.com\/es\/"},{"@type":"ListItem","position":2,"name":"Aviso legal"}]},{"@type":"WebSite","@id":"https:\/\/www.vetgenomics.com\/es\/#website","url":"https:\/\/www.vetgenomics.com\/es\/","name":"Vetgenomics","description":"","potentialAction":[{"@type":"SearchAction","target":{"@type":"EntryPoint","urlTemplate":"https:\/\/www.vetgenomics.com\/es\/?s={search_term_string}"},"query-input":"required name=search_term_string"}],"inLanguage":"es"}]}},"_links":{"self":[{"href":"https:\/\/www.vetgenomics.com\/es\/wp-json\/wp\/v2\/pages\/284"}],"collection":[{"href":"https:\/\/www.vetgenomics.com\/es\/wp-json\/wp\/v2\/pages"}],"about":[{"href":"https:\/\/www.vetgenomics.com\/es\/wp-json\/wp\/v2\/types\/page"}],"author":[{"embeddable":true,"href":"https:\/\/www.vetgenomics.com\/es\/wp-json\/wp\/v2\/users\/1"}],"replies":[{"embeddable":true,"href":"https:\/\/www.vetgenomics.com\/es\/wp-json\/wp\/v2\/comments?post=284"}],"version-history":[{"count":9,"href":"https:\/\/www.vetgenomics.com\/es\/wp-json\/wp\/v2\/pages\/284\/revisions"}],"predecessor-version":[{"id":2314,"href":"https:\/\/www.vetgenomics.com\/es\/wp-json\/wp\/v2\/pages\/284\/revisions\/2314"}],"wp:attachment":[{"href":"https:\/\/www.vetgenomics.com\/es\/wp-json\/wp\/v2\/media?parent=284"}],"curies":[{"name":"wp","href":"https:\/\/api.w.org\/{rel}","templated":true}]}}