{"id":975,"date":"2023-02-20T12:42:03","date_gmt":"2023-02-20T11:42:03","guid":{"rendered":"https:\/\/www.vetgenomics.com\/?page_id=975"},"modified":"2026-01-26T12:24:45","modified_gmt":"2026-01-26T11:24:45","slug":"quienes-somos","status":"publish","type":"page","link":"https:\/\/www.vetgenomics.com\/es\/quienes-somos\/","title":{"rendered":"Qui\u00e9nes somos"},"content":{"rendered":"<section data-block_26f4f935ead44a0b6713cd2887a62faa id=\"section-page-filters\" class=\"page-filter alignleft section-page-filters\">\n  <div class=\"container\">\n  <div class=\"title-pretitle text-center  max-w-2xl  mx-auto \">\n                      <h1 class=\"title text-4xl pb-6 text-primary_blue \" >Qui\u00e9nes somos<\/h1>\n                  \n  <\/div>\n      <\/div>\n<\/section>\n\n<section data-block_1eb1a2569aca8da5cca17ac8a8a4b25a id=\"\" class=\"simple-text-w-img alignleft section-simple-text-w-img \">\n    <div class=\"container\">\n    <div class=\"title-pretitle text-center  max-w-2xl  mx-auto \">\n                \n<\/div> \n        <div class=\"wrapper   lg:!flex-row \">\n          <div class=\"section-content  lg:pr-16 \">\n            <h2 class=\"title\"><\/h2>\n            <div class=\"text\"><p>Vetgenomics nace en el a\u00f1o 2011 como la primera EBT (Empresa de Base Tecnol\u00f3gica) de la Universitat Aut\u00f2noma de Barcelona, de la mano de acad\u00e9micos e investigadores con una amplia experiencia en el campo del diagn\u00f3stico gen\u00e9tico y la gen\u00f3mica animal.<\/p>\n<p>&nbsp;<\/p>\n<p>En Vetgenomics nos focalizamos en el <strong>diagn\u00f3stico de pat\u00f3genos<\/strong> conocidos y emergentes y en el <strong>desarrollo, optimizaci\u00f3n y validaci\u00f3n de m\u00e9todos de diagn\u00f3stico gen\u00e9tico,<\/strong> incluyendo el desarrollo de m\u00e9todos de <strong>identificaci\u00f3n de origen animal<\/strong> en diferentes matrices.<\/p>\n<p>&nbsp;<\/p>\n<p>Desde los inicios, la investigaci\u00f3n ha sido una parte importante de nuestra actividad, <strong>asegurando el mejor servicio y facilitando una mejor competitividad a las empresas.<\/strong><\/p>\n<\/div>\n          <\/div>\n                    <div class=\"section-img\">\n            <img decoding=\"async\" src=\"https:\/\/www.vetgenomics.com\/wp-content\/uploads\/Vector-1.png\" alt=\"Vector\">\n          <\/div>\n                  <\/div>\n            <\/div>\n<\/section>\n<style>\n  .section-simple-text-w-img ul li::before{\n    background-image: url(https:\/\/www.vetgenomics.com\/wp-content\/uploads\/Bullet.svg);    \n  }\n  <\/style>\n\n<section data-block_5ad5395ae0571b80d6019461391a2e83 id=\"\" class=\"simple-text-w-img alignleft section-simple-text-w-img \">\n    <div class=\"container\">\n    <div class=\"title-pretitle text-center  max-w-2xl  mx-auto \">\n                \n<\/div> \n        <div class=\"wrapper  lg:!flex-row-reverse  \">\n          <div class=\"section-content  lg:pl-16 \">\n            <h2 class=\"title\"><\/h2>\n            <div class=\"text\"><p>Fruto de esta investigaci\u00f3n desarrollamos <strong>Can-ID,<\/strong> un sistema pionero de identificaci\u00f3n canina creado expresamente para resolver el problema de las deposiciones en la v\u00eda p\u00fablica. Esta l\u00ednea de negocio permiti\u00f3 crear la empresa <strong>Can-Identification<\/strong> que opera de manera independiente desde el a\u00f1o 2025.<\/p>\n<p>&nbsp;<\/p>\n<p>Igualmente, tras una larga trayectoria de investigaci\u00f3n en el campo de la metagen\u00f3mica, naci\u00f3 la empresa <strong>Nano1Health,<\/strong> que aplica tecnolog\u00edas innovadoras y disruptivas en gen\u00f3mica y bioinform\u00e1tica, para la identificaci\u00f3n y caracterizaci\u00f3n de microorganismos, pat\u00f3genos y biomarcadores de resistencia a f\u00e1rmacos, desde una perspectiva <strong>One Health.<\/strong><\/p>\n<\/div>\n          <\/div>\n                    <div class=\"section-img\">\n            <img decoding=\"async\" src=\"https:\/\/www.vetgenomics.com\/wp-content\/uploads\/ES-Genetica-molecular.png\" alt=\"ES-Genetica molecular\">\n          <\/div>\n                  <\/div>\n            <\/div>\n<\/section>\n<style>\n  .section-simple-text-w-img ul li::before{\n    background-image: url(https:\/\/www.vetgenomics.com\/wp-content\/uploads\/Bullet.svg);    \n  }\n  <\/style>\n\n<section data-block_e53e36234c85b2939dba704f20be8f9d class=\"list-vertical-img alignleft section-list-vertical-img  bg-[#E5EFF4]   \">\n    <div class=\"container\">\n        <div class=\"title-pretitle text-center  max-w-2xl  mx-auto \">\n                <h2 class=\"title text-4xl pb-6 text-primary_blue \" >Visi\u00f3n, misi\u00f3n y valores<\/h2>\n            \n<\/div>        \n        <div class=\"list-wrapper\">\n          \n        <div class=\"card\">\n                        <img decoding=\"async\" src=\"https:\/\/www.vetgenomics.com\/wp-content\/uploads\/Group-8541.png\" class=\"image \" alt=\"Group 8541\">\n            <div class=\"data\">\n            <h4 class=\"\">Visi\u00f3n <\/h4>\n            <p><strong>Ser un referente en el diagn\u00f3stico gen\u00e9tico y un socio de elecci\u00f3n<\/strong> en el desarrollo de ensayos a medida, optimizaci\u00f3n, validaci\u00f3n y transferencia de tecnolog\u00eda en el campo de la gen\u00f3mica.<\/p>\n \n            <\/div>\n        <\/div>\n        \n        <div class=\"card\">\n                        <img decoding=\"async\" src=\"https:\/\/www.vetgenomics.com\/wp-content\/uploads\/Group-8540.png\" class=\"image \" alt=\"Group 8540\">\n            <div class=\"data\">\n            <h4 class=\"\">Misi\u00f3n <\/h4>\n            <p>Poner al servicio de nuestros clientes nuestra curiosidad cient\u00edfica, experiencia acad\u00e9mica, trato personalizado y capacidad de innovaci\u00f3n para <strong>ofrecer un producto de calidad, adaptado a la necesidad de cada cliente en particular.<\/strong><\/p>\n \n            <\/div>\n        <\/div>\n        \n        <div class=\"card\">\n                        <img decoding=\"async\" src=\"https:\/\/www.vetgenomics.com\/wp-content\/uploads\/Group-8542.png\" class=\"image \" alt=\"Group 8542\">\n            <div class=\"data\">\n            <h4 class=\"\">Valores <\/h4>\n            <ul>\n<li>Posicionamiento de <strong>excelencia en innovaci\u00f3n y conocimiento<\/strong> adquirido en la Universidad.<\/li>\n<li><strong>Potenciar las nuevas tecnolog\u00edas<\/strong> para incrementar el <strong>valor a\u00f1adido de nuestros clientes.<\/strong><\/li>\n<li>Favorecer la innovaci\u00f3n tecnol\u00f3gica estableciendo <strong>alianzas estrat\u00e9gicas con la industria y centros de investigaci\u00f3n.<\/strong><\/li>\n<li>La calidad como <strong>mejora continua<\/strong> as\u00ed como el cumplimiento legal, con la participaci\u00f3n activa de los profesionales y con un enfoque a riesgos y partes interesadas.<\/li>\n<li>Garantizar la <strong>integridad de datos, la seguridad inform\u00e1tica y la imparcialidad de los resultados.<\/strong><\/li>\n<li><strong>Personalizaci\u00f3n del trato al cliente<\/strong> para conseguir su m\u00e1xima satisfacci\u00f3n.<\/li>\n<\/ul>\n \n            <\/div>\n        <\/div>\n        \n        <div class=\"card\">\n                        <img decoding=\"async\" src=\"https:\/\/www.vetgenomics.com\/wp-content\/uploads\/Persones4-Photoroom-e1741875509176.png\" class=\"image \" alt=\"Persones(4)-Photoroom\">\n            <div class=\"data\">\n            <h4 class=\"\">Responsabilidad social corporativa <\/h4>\n            <p><a href=\"https:\/\/www.vetgenomics.com\/wp-content\/uploads\/DC-002_cas_001.doc\">Desc\u00e1rgate <strong><a href=\"https:\/\/www.vetgenomics.com\/wp-content\/uploads\/DC-002_cas_002.docx\">aqu\u00ed<\/a><\/strong> la pol\u00edtica de Vetgenomics (incluye las pol\u00edticas de calidad, \u00e9tica, laboral, medioambiental y seguridad de la informaci\u00f3n).<\/a><\/p>\n \n            <\/div>\n        <\/div>\n              <\/div>\n    <\/div>\n<\/section>\n","protected":false},"excerpt":{"rendered":"","protected":false},"author":1,"featured_media":0,"parent":0,"menu_order":0,"comment_status":"closed","ping_status":"closed","template":"","meta":{"_acf_changed":false,"footnotes":""},"acf":[],"yoast_head":"<!-- This site is optimized with the Yoast SEO plugin v22.6 - https:\/\/yoast.com\/wordpress\/plugins\/seo\/ -->\n<title>Qui\u00e9nes somos - Vetgenomics<\/title>\n<meta name=\"description\" content=\"Vetgenomics fue creada en 2011 por investigadores y acad\u00e9micos especializados en diagn\u00f3stico gen\u00e9tico de la UAB.\" \/>\n<meta name=\"robots\" content=\"index, follow, max-snippet:-1, max-image-preview:large, max-video-preview:-1\" \/>\n<link rel=\"canonical\" href=\"https:\/\/www.vetgenomics.com\/es\/quienes-somos\/\" \/>\n<meta property=\"og:locale\" content=\"es_ES\" \/>\n<meta property=\"og:type\" content=\"article\" \/>\n<meta property=\"og:title\" content=\"Qui\u00e9nes somos - Vetgenomics\" \/>\n<meta property=\"og:description\" content=\"Vetgenomics fue creada en 2011 por investigadores y acad\u00e9micos especializados en diagn\u00f3stico gen\u00e9tico de la UAB.\" \/>\n<meta property=\"og:url\" content=\"https:\/\/www.vetgenomics.com\/es\/quienes-somos\/\" \/>\n<meta property=\"og:site_name\" content=\"Vetgenomics\" \/>\n<meta property=\"article:modified_time\" content=\"2026-01-26T11:24:45+00:00\" \/>\n<meta name=\"twitter:card\" content=\"summary_large_image\" \/>\n<script type=\"application\/ld+json\" class=\"yoast-schema-graph\">{\"@context\":\"https:\/\/schema.org\",\"@graph\":[{\"@type\":\"WebPage\",\"@id\":\"https:\/\/www.vetgenomics.com\/es\/quienes-somos\/\",\"url\":\"https:\/\/www.vetgenomics.com\/es\/quienes-somos\/\",\"name\":\"Qui\u00e9nes somos - Vetgenomics\",\"isPartOf\":{\"@id\":\"https:\/\/www.vetgenomics.com\/es\/#website\"},\"datePublished\":\"2023-02-20T11:42:03+00:00\",\"dateModified\":\"2026-01-26T11:24:45+00:00\",\"description\":\"Vetgenomics fue creada en 2011 por investigadores y acad\u00e9micos especializados en diagn\u00f3stico gen\u00e9tico de la UAB.\",\"breadcrumb\":{\"@id\":\"https:\/\/www.vetgenomics.com\/es\/quienes-somos\/#breadcrumb\"},\"inLanguage\":\"es\",\"potentialAction\":[{\"@type\":\"ReadAction\",\"target\":[\"https:\/\/www.vetgenomics.com\/es\/quienes-somos\/\"]}]},{\"@type\":\"BreadcrumbList\",\"@id\":\"https:\/\/www.vetgenomics.com\/es\/quienes-somos\/#breadcrumb\",\"itemListElement\":[{\"@type\":\"ListItem\",\"position\":1,\"name\":\"Portada\",\"item\":\"https:\/\/www.vetgenomics.com\/es\/\"},{\"@type\":\"ListItem\",\"position\":2,\"name\":\"Qui\u00e9nes somos\"}]},{\"@type\":\"WebSite\",\"@id\":\"https:\/\/www.vetgenomics.com\/es\/#website\",\"url\":\"https:\/\/www.vetgenomics.com\/es\/\",\"name\":\"Vetgenomics\",\"description\":\"\",\"potentialAction\":[{\"@type\":\"SearchAction\",\"target\":{\"@type\":\"EntryPoint\",\"urlTemplate\":\"https:\/\/www.vetgenomics.com\/es\/?s={search_term_string}\"},\"query-input\":\"required name=search_term_string\"}],\"inLanguage\":\"es\"}]}<\/script>\n<!-- \/ Yoast SEO plugin. -->","yoast_head_json":{"title":"Qui\u00e9nes somos - Vetgenomics","description":"Vetgenomics fue creada en 2011 por investigadores y acad\u00e9micos especializados en diagn\u00f3stico gen\u00e9tico de la UAB.","robots":{"index":"index","follow":"follow","max-snippet":"max-snippet:-1","max-image-preview":"max-image-preview:large","max-video-preview":"max-video-preview:-1"},"canonical":"https:\/\/www.vetgenomics.com\/es\/quienes-somos\/","og_locale":"es_ES","og_type":"article","og_title":"Qui\u00e9nes somos - Vetgenomics","og_description":"Vetgenomics fue creada en 2011 por investigadores y acad\u00e9micos especializados en diagn\u00f3stico gen\u00e9tico de la UAB.","og_url":"https:\/\/www.vetgenomics.com\/es\/quienes-somos\/","og_site_name":"Vetgenomics","article_modified_time":"2026-01-26T11:24:45+00:00","twitter_card":"summary_large_image","schema":{"@context":"https:\/\/schema.org","@graph":[{"@type":"WebPage","@id":"https:\/\/www.vetgenomics.com\/es\/quienes-somos\/","url":"https:\/\/www.vetgenomics.com\/es\/quienes-somos\/","name":"Qui\u00e9nes somos - Vetgenomics","isPartOf":{"@id":"https:\/\/www.vetgenomics.com\/es\/#website"},"datePublished":"2023-02-20T11:42:03+00:00","dateModified":"2026-01-26T11:24:45+00:00","description":"Vetgenomics fue creada en 2011 por investigadores y acad\u00e9micos especializados en diagn\u00f3stico gen\u00e9tico de la UAB.","breadcrumb":{"@id":"https:\/\/www.vetgenomics.com\/es\/quienes-somos\/#breadcrumb"},"inLanguage":"es","potentialAction":[{"@type":"ReadAction","target":["https:\/\/www.vetgenomics.com\/es\/quienes-somos\/"]}]},{"@type":"BreadcrumbList","@id":"https:\/\/www.vetgenomics.com\/es\/quienes-somos\/#breadcrumb","itemListElement":[{"@type":"ListItem","position":1,"name":"Portada","item":"https:\/\/www.vetgenomics.com\/es\/"},{"@type":"ListItem","position":2,"name":"Qui\u00e9nes somos"}]},{"@type":"WebSite","@id":"https:\/\/www.vetgenomics.com\/es\/#website","url":"https:\/\/www.vetgenomics.com\/es\/","name":"Vetgenomics","description":"","potentialAction":[{"@type":"SearchAction","target":{"@type":"EntryPoint","urlTemplate":"https:\/\/www.vetgenomics.com\/es\/?s={search_term_string}"},"query-input":"required name=search_term_string"}],"inLanguage":"es"}]}},"_links":{"self":[{"href":"https:\/\/www.vetgenomics.com\/es\/wp-json\/wp\/v2\/pages\/975"}],"collection":[{"href":"https:\/\/www.vetgenomics.com\/es\/wp-json\/wp\/v2\/pages"}],"about":[{"href":"https:\/\/www.vetgenomics.com\/es\/wp-json\/wp\/v2\/types\/page"}],"author":[{"embeddable":true,"href":"https:\/\/www.vetgenomics.com\/es\/wp-json\/wp\/v2\/users\/1"}],"replies":[{"embeddable":true,"href":"https:\/\/www.vetgenomics.com\/es\/wp-json\/wp\/v2\/comments?post=975"}],"version-history":[{"count":31,"href":"https:\/\/www.vetgenomics.com\/es\/wp-json\/wp\/v2\/pages\/975\/revisions"}],"predecessor-version":[{"id":2520,"href":"https:\/\/www.vetgenomics.com\/es\/wp-json\/wp\/v2\/pages\/975\/revisions\/2520"}],"wp:attachment":[{"href":"https:\/\/www.vetgenomics.com\/es\/wp-json\/wp\/v2\/media?parent=975"}],"curies":[{"name":"wp","href":"https:\/\/api.w.org\/{rel}","templated":true}]}}