{"id":977,"date":"2023-02-20T12:42:40","date_gmt":"2023-02-20T11:42:40","guid":{"rendered":"https:\/\/www.vetgenomics.com\/?page_id=977"},"modified":"2023-05-23T12:46:23","modified_gmt":"2023-05-23T10:46:23","slug":"veterinarios-y-propietarios","status":"publish","type":"page","link":"https:\/\/www.vetgenomics.com\/es\/veterinarios-y-propietarios\/","title":{"rendered":"Veterinarios y propietarios"},"content":{"rendered":"<section data-block_97e66287e8784d643c50d3907539da9f id=\"section-page-filters\" class=\"page-filter alignleft section-page-filters\">\n  <div class=\"container\">\n  <div class=\"title-pretitle text-center  max-w-4xl  mx-auto \">\n                      <h1 class=\"title text-4xl pb-6 text-primary_blue \" >Veterinarios y propietarios<\/h1>\n                      <div class=\"text\" >Los an\u00e1lisis gen\u00e9ticos son una herramienta fundamental para el diagn\u00f3stico cl\u00ednico y el cuidado de nuestras mascotas; pueden orientar en el tratamiento, ayudar a identificar enfermedades gen\u00e9ticas, incluso antes de la aparici\u00f3n de los s\u00edntomas o determinar el sexo de las aves, de forma muy poco invasiva y precoz.<\/div>\n            \n  <\/div>\n        <div class=\"filter-wrapper\">\n          \n                    <a href=\"#deteccion-de-patogenos\" >Detecci\u00f3n de pat\u00f3genos<\/a>\n          \n                    <a href=\"#enfermedades-hereditarias\" >Enfermedades hereditarias<\/a>\n          \n                    <a href=\"#sexaje-identificacion-de-rapaces\" >Sexaje \/ Identificaci\u00f3n de rapaces<\/a>\n              <\/div>\n        <\/div>\n<\/section>\n\n<section data-block_ddcce11572fc68142dad31d91fed0e3f id=\"deteccion-de-patogenos\" class=\"simple-text-w-img alignleft section-simple-text-w-img \">\n    <div class=\"container\">\n    <div class=\"title-pretitle text-center  max-w-2xl  mx-auto \">\n                \n<\/div> \n        <div class=\"wrapper   lg:!flex-row \">\n          <div class=\"section-content  lg:pr-16 \">\n            <h2 class=\"title\"><p>Detecci\u00f3n de pat\u00f3genos<\/p>\n<\/h2>\n            <div class=\"text\"><p>Un diagn\u00f3stico veterinario precoz siempre es de gran ayuda en el tratamiento.<br \/>\n<strong>La PCR puede definir el estado de la infecci\u00f3n e identifica a las especies implicadas<\/strong>, orientando el tratamiento a los cl\u00ednicos veterinarios.<\/p>\n<p>&nbsp;<\/p>\n<ul>\n<li>Determinaci\u00f3n de pat\u00f3genos por PCR en tiempo real<\/li>\n<li>Especializados en enfermedades transmitidas por vectores<\/li>\n<li>Llegamos a nivel de especie por secuenciaci\u00f3n permitiendo detectar pat\u00f3genos emergentes o localizados hasta ahora en otras especies animales<\/li>\n<li>En el caso de la Leishmania esta t\u00e9cnica permite cuantificar de forma precisa la carga parasitaria, dando un n\u00famero de par\u00e1sitos por muestra y permitiendo ver la evoluci\u00f3n durante el tratamiento<\/li>\n<li>Desc\u00e1rgate nuestro formulario con todas las pruebas que ofrecemos y si no encuentras alguna, cont\u00e1ctanos\n<\/ul>\n<\/div>\n          <\/div>\n                    <div class=\"section-img\">\n            <img decoding=\"async\" src=\"https:\/\/www.vetgenomics.com\/wp-content\/uploads\/Group-8577.png\" alt=\"Group 8577\">\n          <\/div>\n                  <\/div>\n            <\/div>\n<\/section>\n<style>\n  .section-simple-text-w-img ul li::before{\n    background-image: url(https:\/\/www.vetgenomics.com\/wp-content\/uploads\/Bullet.svg);    \n  }\n  <\/style>\n\n<section data-block_9506b0e340c1a510880ee03ee53e0c18 id=\"enfermedades-hereditarias\" class=\"simple-text-w-img alignleft section-simple-text-w-img \">\n    <div class=\"container\">\n    <div class=\"title-pretitle text-center  max-w-2xl  mx-auto \">\n                \n<\/div> \n        <div class=\"wrapper  lg:!flex-row-reverse  \">\n          <div class=\"section-content  lg:pl-16 \">\n            <h2 class=\"title\"><p>Enfermedades hereditarias<\/p>\n<\/h2>\n            <div class=\"text\"><p>Las pruebas gen\u00e9ticas pueden ayudar a <strong>identificar enfermedades antes de su aparici\u00f3n<\/strong>, permitiendo la atenci\u00f3n preventiva para una mejor salud<br \/>\nde nuestras mascotas.<\/p>\n<p>&nbsp;<\/p>\n<p>La mutaci\u00f3n en el <strong>gen MDR1<\/strong> en Collies y perros pastores causa neurotoxicidad en ciertos f\u00e1rmacos de uso com\u00fan en la cl\u00ednica veterinaria, pudiendo presentar incoordinaci\u00f3n, temblores musculares, convulsiones, ceguera e incluso la muerte, dependiendo del genotipo y la dosis.<\/p>\n<p>&nbsp;<\/p>\n<p>La enfermedad poliqu\u00edstica del ri\u00f1\u00f3n, <strong>PKD<\/strong>, en gatos Persas y razas relacionadas provoca la aparici\u00f3n de m\u00faltiples quistes en el ri\u00f1\u00f3n pudiendo evolucionar hacia una insuficiencia renal.<\/p>\n<\/div>\n          <\/div>\n                    <div class=\"section-img\">\n            <img decoding=\"async\" src=\"https:\/\/www.vetgenomics.com\/wp-content\/uploads\/Vector-2.png\" alt=\"Vector-2\">\n          <\/div>\n                  <\/div>\n            <\/div>\n<\/section>\n<style>\n  .section-simple-text-w-img ul li::before{\n    background-image: url(https:\/\/www.vetgenomics.com\/wp-content\/uploads\/Bullet.svg);    \n  }\n  <\/style>\n\n<section data-block_673c0a0d81a721606087bc8127d2de5f id=\"sexaje-identificacion-de-rapaces\" class=\"simple-text-w-img alignleft section-simple-text-w-img \">\n    <div class=\"container\">\n    <div class=\"title-pretitle text-center  max-w-2xl  mx-auto \">\n                \n<\/div> \n        <div class=\"wrapper   lg:!flex-row \">\n          <div class=\"section-content  lg:pr-16 \">\n            <h2 class=\"title\"><p>Sexaje \/ Identificaci\u00f3n de rapaces<\/p>\n<\/h2>\n            <div class=\"text\"><p>La ausencia de dimorfismo sexual en muchas especies de aves dificulta el sexaje prematuro bas\u00e1ndose en la apariencia de los animales. El uso de marcadores moleculares permite un <strong>sexaje fiable y r\u00e1pido<\/strong> y con el uso de <strong>muestras no invasivas<\/strong> reduce el estr\u00e9s de los animales.<\/p>\n<p>&nbsp;<\/p>\n<ul>\n<li>Estamos especializados en sexaje de aves rapaces<\/li>\n<li>Sexamos a partir de c\u00e1scaras de huevo.<\/li>\n<li>Ofrecemos procesamiento de un gran n\u00famero de muestras y resultados r\u00e1pidos.<\/li>\n<li>Tambi\u00e9n ofrecemos identificaciones y test de paternidad.<\/li>\n<\/ul>\n<\/div>\n          <\/div>\n                    <div class=\"section-img\">\n            <img decoding=\"async\" src=\"https:\/\/www.vetgenomics.com\/wp-content\/uploads\/Vector-4.png\" alt=\"Vector-4\">\n          <\/div>\n                  <\/div>\n            <\/div>\n<\/section>\n<style>\n  .section-simple-text-w-img ul li::before{\n    background-image: url(https:\/\/www.vetgenomics.com\/wp-content\/uploads\/Bullet.svg);    \n  }\n  <\/style>\n\n<section data-block_1da81eed24ec927a85ccdb0618caace0 class=\"banner-w-bg alignleft section-banner-w-bg \"  style=\"background-image:url(https:\/\/www.vetgenomics.com\/wp-content\/uploads\/banner.png)\" >\n    <div class=\"wrapper container\">\n      <h2 class=\"\">Garant\u00eda t\u00e9cnica<\/h2>\n      <p>El DNA extra\u00eddo del material entregado por el cliente a Vetgenomics <strong>se conserva durante 2 a\u00f1os.<\/strong><br \/>\nDurante este per\u00edodo, Vetgenomics <strong>puede garantizar al cliente la repetici\u00f3n de las anal\u00edticas para confirmar los resultados<\/strong>, a excepci\u00f3n de muestras no invasivas.<\/p>\n\n          <\/div>\n<\/section>\n","protected":false},"excerpt":{"rendered":"","protected":false},"author":1,"featured_media":0,"parent":0,"menu_order":0,"comment_status":"closed","ping_status":"closed","template":"","meta":{"_acf_changed":false,"footnotes":""},"acf":[],"yoast_head":"<!-- This site is optimized with the Yoast SEO plugin v22.6 - https:\/\/yoast.com\/wordpress\/plugins\/seo\/ -->\n<title>Veterinarios y propietarios - Vetgenomics<\/title>\n<meta name=\"description\" content=\"Nuestros diagn\u00f3sticos cubren las necesidades del sector veterinario y de los propietarios de mascotas, tanto de perros como de otros animales.\" \/>\n<meta name=\"robots\" content=\"index, follow, max-snippet:-1, max-image-preview:large, max-video-preview:-1\" \/>\n<link rel=\"canonical\" href=\"https:\/\/www.vetgenomics.com\/es\/veterinarios-y-propietarios\/\" \/>\n<meta property=\"og:locale\" content=\"es_ES\" \/>\n<meta property=\"og:type\" content=\"article\" \/>\n<meta property=\"og:title\" content=\"Veterinarios y propietarios - Vetgenomics\" \/>\n<meta property=\"og:description\" content=\"Nuestros diagn\u00f3sticos cubren las necesidades del sector veterinario y de los propietarios de mascotas, tanto de perros como de otros animales.\" \/>\n<meta property=\"og:url\" content=\"https:\/\/www.vetgenomics.com\/es\/veterinarios-y-propietarios\/\" \/>\n<meta property=\"og:site_name\" content=\"Vetgenomics\" \/>\n<meta property=\"article:modified_time\" content=\"2023-05-23T10:46:23+00:00\" \/>\n<meta name=\"twitter:card\" content=\"summary_large_image\" \/>\n<script type=\"application\/ld+json\" class=\"yoast-schema-graph\">{\"@context\":\"https:\/\/schema.org\",\"@graph\":[{\"@type\":\"WebPage\",\"@id\":\"https:\/\/www.vetgenomics.com\/es\/veterinarios-y-propietarios\/\",\"url\":\"https:\/\/www.vetgenomics.com\/es\/veterinarios-y-propietarios\/\",\"name\":\"Veterinarios y propietarios - Vetgenomics\",\"isPartOf\":{\"@id\":\"https:\/\/www.vetgenomics.com\/es\/#website\"},\"datePublished\":\"2023-02-20T11:42:40+00:00\",\"dateModified\":\"2023-05-23T10:46:23+00:00\",\"description\":\"Nuestros diagn\u00f3sticos cubren las necesidades del sector veterinario y de los propietarios de mascotas, tanto de perros como de otros animales.\",\"breadcrumb\":{\"@id\":\"https:\/\/www.vetgenomics.com\/es\/veterinarios-y-propietarios\/#breadcrumb\"},\"inLanguage\":\"es\",\"potentialAction\":[{\"@type\":\"ReadAction\",\"target\":[\"https:\/\/www.vetgenomics.com\/es\/veterinarios-y-propietarios\/\"]}]},{\"@type\":\"BreadcrumbList\",\"@id\":\"https:\/\/www.vetgenomics.com\/es\/veterinarios-y-propietarios\/#breadcrumb\",\"itemListElement\":[{\"@type\":\"ListItem\",\"position\":1,\"name\":\"Portada\",\"item\":\"https:\/\/www.vetgenomics.com\/es\/\"},{\"@type\":\"ListItem\",\"position\":2,\"name\":\"Veterinarios y propietarios\"}]},{\"@type\":\"WebSite\",\"@id\":\"https:\/\/www.vetgenomics.com\/es\/#website\",\"url\":\"https:\/\/www.vetgenomics.com\/es\/\",\"name\":\"Vetgenomics\",\"description\":\"\",\"potentialAction\":[{\"@type\":\"SearchAction\",\"target\":{\"@type\":\"EntryPoint\",\"urlTemplate\":\"https:\/\/www.vetgenomics.com\/es\/?s={search_term_string}\"},\"query-input\":\"required name=search_term_string\"}],\"inLanguage\":\"es\"}]}<\/script>\n<!-- \/ Yoast SEO plugin. -->","yoast_head_json":{"title":"Veterinarios y propietarios - Vetgenomics","description":"Nuestros diagn\u00f3sticos cubren las necesidades del sector veterinario y de los propietarios de mascotas, tanto de perros como de otros animales.","robots":{"index":"index","follow":"follow","max-snippet":"max-snippet:-1","max-image-preview":"max-image-preview:large","max-video-preview":"max-video-preview:-1"},"canonical":"https:\/\/www.vetgenomics.com\/es\/veterinarios-y-propietarios\/","og_locale":"es_ES","og_type":"article","og_title":"Veterinarios y propietarios - Vetgenomics","og_description":"Nuestros diagn\u00f3sticos cubren las necesidades del sector veterinario y de los propietarios de mascotas, tanto de perros como de otros animales.","og_url":"https:\/\/www.vetgenomics.com\/es\/veterinarios-y-propietarios\/","og_site_name":"Vetgenomics","article_modified_time":"2023-05-23T10:46:23+00:00","twitter_card":"summary_large_image","schema":{"@context":"https:\/\/schema.org","@graph":[{"@type":"WebPage","@id":"https:\/\/www.vetgenomics.com\/es\/veterinarios-y-propietarios\/","url":"https:\/\/www.vetgenomics.com\/es\/veterinarios-y-propietarios\/","name":"Veterinarios y propietarios - Vetgenomics","isPartOf":{"@id":"https:\/\/www.vetgenomics.com\/es\/#website"},"datePublished":"2023-02-20T11:42:40+00:00","dateModified":"2023-05-23T10:46:23+00:00","description":"Nuestros diagn\u00f3sticos cubren las necesidades del sector veterinario y de los propietarios de mascotas, tanto de perros como de otros animales.","breadcrumb":{"@id":"https:\/\/www.vetgenomics.com\/es\/veterinarios-y-propietarios\/#breadcrumb"},"inLanguage":"es","potentialAction":[{"@type":"ReadAction","target":["https:\/\/www.vetgenomics.com\/es\/veterinarios-y-propietarios\/"]}]},{"@type":"BreadcrumbList","@id":"https:\/\/www.vetgenomics.com\/es\/veterinarios-y-propietarios\/#breadcrumb","itemListElement":[{"@type":"ListItem","position":1,"name":"Portada","item":"https:\/\/www.vetgenomics.com\/es\/"},{"@type":"ListItem","position":2,"name":"Veterinarios y propietarios"}]},{"@type":"WebSite","@id":"https:\/\/www.vetgenomics.com\/es\/#website","url":"https:\/\/www.vetgenomics.com\/es\/","name":"Vetgenomics","description":"","potentialAction":[{"@type":"SearchAction","target":{"@type":"EntryPoint","urlTemplate":"https:\/\/www.vetgenomics.com\/es\/?s={search_term_string}"},"query-input":"required name=search_term_string"}],"inLanguage":"es"}]}},"_links":{"self":[{"href":"https:\/\/www.vetgenomics.com\/es\/wp-json\/wp\/v2\/pages\/977"}],"collection":[{"href":"https:\/\/www.vetgenomics.com\/es\/wp-json\/wp\/v2\/pages"}],"about":[{"href":"https:\/\/www.vetgenomics.com\/es\/wp-json\/wp\/v2\/types\/page"}],"author":[{"embeddable":true,"href":"https:\/\/www.vetgenomics.com\/es\/wp-json\/wp\/v2\/users\/1"}],"replies":[{"embeddable":true,"href":"https:\/\/www.vetgenomics.com\/es\/wp-json\/wp\/v2\/comments?post=977"}],"version-history":[{"count":33,"href":"https:\/\/www.vetgenomics.com\/es\/wp-json\/wp\/v2\/pages\/977\/revisions"}],"predecessor-version":[{"id":2205,"href":"https:\/\/www.vetgenomics.com\/es\/wp-json\/wp\/v2\/pages\/977\/revisions\/2205"}],"wp:attachment":[{"href":"https:\/\/www.vetgenomics.com\/es\/wp-json\/wp\/v2\/media?parent=977"}],"curies":[{"name":"wp","href":"https:\/\/api.w.org\/{rel}","templated":true}]}}