{"id":981,"date":"2023-02-20T12:43:16","date_gmt":"2023-02-20T11:43:16","guid":{"rendered":"https:\/\/www.vetgenomics.com\/?page_id=981"},"modified":"2023-05-22T11:09:28","modified_gmt":"2023-05-22T09:09:28","slug":"empresas-centros-de-investigacion-y-universidades","status":"publish","type":"page","link":"https:\/\/www.vetgenomics.com\/es\/empresas-centros-de-investigacion-y-universidades\/","title":{"rendered":"Empresas, centros de investigaci\u00f3n y universidades"},"content":{"rendered":"<section data-block_cbe99fe979651453d43964e55dc5f61e id=\"section-page-filters\" class=\"page-filter alignleft section-page-filters\">\n  <div class=\"container\">\n  <div class=\"title-pretitle text-center  max-w-2xl  mx-auto \">\n                      <h1 class=\"title text-4xl pb-6 text-primary_blue \" >Empresas, centros de investigaci\u00f3n y universidades<\/h1>\n                      <div class=\"text\" >Nuestra experiencia nos permite ofrecer ensayos gen\u00e9ticos personalizados. Con un equipo multidisciplinar, con pensamiento acad\u00e9mico y alta profesionalidad damos respuesta a los retos que nos plantee el cliente.<\/div>\n            \n  <\/div>\n      <\/div>\n<\/section>\n\n<section data-block_d6dea2fa38913160ec1c35bf07f5dc75 id=\"\" class=\"simple-text-w-img alignleft section-simple-text-w-img \">\n    <div class=\"container\">\n    <div class=\"title-pretitle text-center  max-w-2xl  mx-auto \">\n                <h2 class=\"title text-4xl pb-6 text-primary_blue \" >Servicios a demanda <\/h2>\n            \n<\/div> \n        <div class=\"wrapper   lg:!flex-row \">\n          <div class=\"section-content  lg:pr-16 \">\n            <h2 class=\"title\"><\/h2>\n            <div class=\"text\"><p>Especializados en dise\u00f1o, desarrollo, optimizaci\u00f3n, validaci\u00f3n y transferencia de nuevos ensayos.<\/p>\n<p>&nbsp;<\/p>\n<p>Llevamos a cabo un trabajo de laboratorio trazable y seguro, garantizando la integridad de los datos durante todo el proceso, la seguridad inform\u00e1tica y la imparcialidad de los resultados.<\/p>\n<p>&nbsp;<\/p>\n<p>Hemos participado en an\u00e1lisis de pat\u00f3genos a gran escala; adaptaci\u00f3n y validaci\u00f3n de procedimientos para el cumplimiento de los requisitos de las agencias reguladoras; identificaci\u00f3n de especie en un gran abanico de matrices; b\u00fasqueda de nuevas mutaciones en genes de inter\u00e9s para la cl\u00ednica veterinaria, &#8230;<\/p>\n<p>&nbsp;<\/p>\n<h4>Equipos \/ Tecnolog\u00eda<\/h4>\n<p>&nbsp;<\/p>\n<ul>\n<li>PCR cl\u00e1sica<\/li>\n<li>PCR en tiempo real<\/li>\n<li>An\u00e1lisis de fragmentos<\/li>\n<li>Genotipado<\/li>\n<li>Secuenciaci\u00f3n Sagner<\/li>\n<\/ul>\n<\/div>\n          <\/div>\n                    <div class=\"section-img\">\n            <img decoding=\"async\" src=\"https:\/\/www.vetgenomics.com\/wp-content\/uploads\/Vector-3.png\" alt=\"Vector\">\n          <\/div>\n                  <\/div>\n            <\/div>\n<\/section>\n<style>\n  .section-simple-text-w-img ul li::before{\n    background-image: url(https:\/\/www.vetgenomics.com\/wp-content\/uploads\/Bullet.svg);    \n  }\n  <\/style>\n\n<section data-block_1e8071f7c053100ab4eb578443964a54 class=\"banner-w-bg alignleft section-banner-w-bg \" >\n    <div class=\"wrapper container\">\n      <h2 class=\"\">Metagen\u00f3mica<\/h2>\n      <p>Secuenciaci\u00f3n metagen\u00f3mica en dispositivos port\u00e1tiles y an\u00e1lisis bioinform\u00e1tico agregado, desde una perspectiva One Health (salud humana, animal y ambiental)<\/p>\n<p>&nbsp;<\/p>\n\n      <a href=\"https:\/\/www.nano1health.com\/\" class=\"primary-button\">Visita N1H<\/a>    <\/div>\n<\/section>\n","protected":false},"excerpt":{"rendered":"","protected":false},"author":1,"featured_media":0,"parent":0,"menu_order":0,"comment_status":"closed","ping_status":"closed","template":"","meta":{"_acf_changed":false,"footnotes":""},"acf":[],"yoast_head":"<!-- This site is optimized with the Yoast SEO plugin v22.6 - https:\/\/yoast.com\/wordpress\/plugins\/seo\/ -->\n<title>Empresas, centros de investigaci\u00f3n y Universidades - Vetgenomics<\/title>\n<meta name=\"description\" content=\"En Vetgenomics somos especialistas en el an\u00e1lisis de pat\u00f3genos y ofrecemos pruebas gen\u00e9ticas personalizadas para cada caso y cliente.\" \/>\n<meta name=\"robots\" content=\"index, follow, max-snippet:-1, max-image-preview:large, max-video-preview:-1\" \/>\n<link rel=\"canonical\" href=\"https:\/\/www.vetgenomics.com\/es\/empresas-centros-de-investigacion-y-universidades\/\" \/>\n<meta property=\"og:locale\" content=\"es_ES\" \/>\n<meta property=\"og:type\" content=\"article\" \/>\n<meta property=\"og:title\" content=\"Empresas, centros de investigaci\u00f3n y Universidades - Vetgenomics\" \/>\n<meta property=\"og:description\" content=\"En Vetgenomics somos especialistas en el an\u00e1lisis de pat\u00f3genos y ofrecemos pruebas gen\u00e9ticas personalizadas para cada caso y cliente.\" \/>\n<meta property=\"og:url\" content=\"https:\/\/www.vetgenomics.com\/es\/empresas-centros-de-investigacion-y-universidades\/\" \/>\n<meta property=\"og:site_name\" content=\"Vetgenomics\" \/>\n<meta property=\"article:modified_time\" content=\"2023-05-22T09:09:28+00:00\" \/>\n<meta name=\"twitter:card\" content=\"summary_large_image\" \/>\n<script type=\"application\/ld+json\" class=\"yoast-schema-graph\">{\"@context\":\"https:\/\/schema.org\",\"@graph\":[{\"@type\":\"WebPage\",\"@id\":\"https:\/\/www.vetgenomics.com\/es\/empresas-centros-de-investigacion-y-universidades\/\",\"url\":\"https:\/\/www.vetgenomics.com\/es\/empresas-centros-de-investigacion-y-universidades\/\",\"name\":\"Empresas, centros de investigaci\u00f3n y Universidades - Vetgenomics\",\"isPartOf\":{\"@id\":\"https:\/\/www.vetgenomics.com\/es\/#website\"},\"datePublished\":\"2023-02-20T11:43:16+00:00\",\"dateModified\":\"2023-05-22T09:09:28+00:00\",\"description\":\"En Vetgenomics somos especialistas en el an\u00e1lisis de pat\u00f3genos y ofrecemos pruebas gen\u00e9ticas personalizadas para cada caso y cliente.\",\"breadcrumb\":{\"@id\":\"https:\/\/www.vetgenomics.com\/es\/empresas-centros-de-investigacion-y-universidades\/#breadcrumb\"},\"inLanguage\":\"es\",\"potentialAction\":[{\"@type\":\"ReadAction\",\"target\":[\"https:\/\/www.vetgenomics.com\/es\/empresas-centros-de-investigacion-y-universidades\/\"]}]},{\"@type\":\"BreadcrumbList\",\"@id\":\"https:\/\/www.vetgenomics.com\/es\/empresas-centros-de-investigacion-y-universidades\/#breadcrumb\",\"itemListElement\":[{\"@type\":\"ListItem\",\"position\":1,\"name\":\"Portada\",\"item\":\"https:\/\/www.vetgenomics.com\/es\/\"},{\"@type\":\"ListItem\",\"position\":2,\"name\":\"Empresas, centros de investigaci\u00f3n y universidades\"}]},{\"@type\":\"WebSite\",\"@id\":\"https:\/\/www.vetgenomics.com\/es\/#website\",\"url\":\"https:\/\/www.vetgenomics.com\/es\/\",\"name\":\"Vetgenomics\",\"description\":\"\",\"potentialAction\":[{\"@type\":\"SearchAction\",\"target\":{\"@type\":\"EntryPoint\",\"urlTemplate\":\"https:\/\/www.vetgenomics.com\/es\/?s={search_term_string}\"},\"query-input\":\"required name=search_term_string\"}],\"inLanguage\":\"es\"}]}<\/script>\n<!-- \/ Yoast SEO plugin. -->","yoast_head_json":{"title":"Empresas, centros de investigaci\u00f3n y Universidades - Vetgenomics","description":"En Vetgenomics somos especialistas en el an\u00e1lisis de pat\u00f3genos y ofrecemos pruebas gen\u00e9ticas personalizadas para cada caso y cliente.","robots":{"index":"index","follow":"follow","max-snippet":"max-snippet:-1","max-image-preview":"max-image-preview:large","max-video-preview":"max-video-preview:-1"},"canonical":"https:\/\/www.vetgenomics.com\/es\/empresas-centros-de-investigacion-y-universidades\/","og_locale":"es_ES","og_type":"article","og_title":"Empresas, centros de investigaci\u00f3n y Universidades - Vetgenomics","og_description":"En Vetgenomics somos especialistas en el an\u00e1lisis de pat\u00f3genos y ofrecemos pruebas gen\u00e9ticas personalizadas para cada caso y cliente.","og_url":"https:\/\/www.vetgenomics.com\/es\/empresas-centros-de-investigacion-y-universidades\/","og_site_name":"Vetgenomics","article_modified_time":"2023-05-22T09:09:28+00:00","twitter_card":"summary_large_image","schema":{"@context":"https:\/\/schema.org","@graph":[{"@type":"WebPage","@id":"https:\/\/www.vetgenomics.com\/es\/empresas-centros-de-investigacion-y-universidades\/","url":"https:\/\/www.vetgenomics.com\/es\/empresas-centros-de-investigacion-y-universidades\/","name":"Empresas, centros de investigaci\u00f3n y Universidades - Vetgenomics","isPartOf":{"@id":"https:\/\/www.vetgenomics.com\/es\/#website"},"datePublished":"2023-02-20T11:43:16+00:00","dateModified":"2023-05-22T09:09:28+00:00","description":"En Vetgenomics somos especialistas en el an\u00e1lisis de pat\u00f3genos y ofrecemos pruebas gen\u00e9ticas personalizadas para cada caso y cliente.","breadcrumb":{"@id":"https:\/\/www.vetgenomics.com\/es\/empresas-centros-de-investigacion-y-universidades\/#breadcrumb"},"inLanguage":"es","potentialAction":[{"@type":"ReadAction","target":["https:\/\/www.vetgenomics.com\/es\/empresas-centros-de-investigacion-y-universidades\/"]}]},{"@type":"BreadcrumbList","@id":"https:\/\/www.vetgenomics.com\/es\/empresas-centros-de-investigacion-y-universidades\/#breadcrumb","itemListElement":[{"@type":"ListItem","position":1,"name":"Portada","item":"https:\/\/www.vetgenomics.com\/es\/"},{"@type":"ListItem","position":2,"name":"Empresas, centros de investigaci\u00f3n y universidades"}]},{"@type":"WebSite","@id":"https:\/\/www.vetgenomics.com\/es\/#website","url":"https:\/\/www.vetgenomics.com\/es\/","name":"Vetgenomics","description":"","potentialAction":[{"@type":"SearchAction","target":{"@type":"EntryPoint","urlTemplate":"https:\/\/www.vetgenomics.com\/es\/?s={search_term_string}"},"query-input":"required name=search_term_string"}],"inLanguage":"es"}]}},"_links":{"self":[{"href":"https:\/\/www.vetgenomics.com\/es\/wp-json\/wp\/v2\/pages\/981"}],"collection":[{"href":"https:\/\/www.vetgenomics.com\/es\/wp-json\/wp\/v2\/pages"}],"about":[{"href":"https:\/\/www.vetgenomics.com\/es\/wp-json\/wp\/v2\/types\/page"}],"author":[{"embeddable":true,"href":"https:\/\/www.vetgenomics.com\/es\/wp-json\/wp\/v2\/users\/1"}],"replies":[{"embeddable":true,"href":"https:\/\/www.vetgenomics.com\/es\/wp-json\/wp\/v2\/comments?post=981"}],"version-history":[{"count":15,"href":"https:\/\/www.vetgenomics.com\/es\/wp-json\/wp\/v2\/pages\/981\/revisions"}],"predecessor-version":[{"id":2173,"href":"https:\/\/www.vetgenomics.com\/es\/wp-json\/wp\/v2\/pages\/981\/revisions\/2173"}],"wp:attachment":[{"href":"https:\/\/www.vetgenomics.com\/es\/wp-json\/wp\/v2\/media?parent=981"}],"curies":[{"name":"wp","href":"https:\/\/api.w.org\/{rel}","templated":true}]}}